{"id":772,"date":"2023-11-15T15:20:22","date_gmt":"2023-11-15T15:20:22","guid":{"rendered":"https:\/\/tomhoepfner.net\/?page_id=772"},"modified":"2024-11-05T12:05:20","modified_gmt":"2024-11-05T12:05:20","slug":"how-to-paint","status":"publish","type":"page","link":"https:\/\/tomhoepfner.net\/index.php\/diy-tech\/how-to-paint\/","title":{"rendered":"How to paint"},"content":{"rendered":"\n<p>wie man eigene Gem\u00e4lde selbst fabriziert&#8230;.<\/p>\n\n\n\n<h1 class=\"wp-block-heading\">Malen und Zeichnen &#8211; Tipps<\/h1>\n\n\n\n<p>Anleitung:<\/p>\n\n\n\n<ul class=\"wp-block-list\">\n<li><strong>Schritt f\u00fcr Schritt zum \u00d6lgem\u00e4lde<\/strong><\/li>\n<\/ul>\n\n\n\n<p>wenn sie zu den Zeitgenossen geh\u00f6ren, die eher auf abstrakte Kunst stehen, brauchen sie hier nicht weiter lesen,<br>aber vorab schonmal der Tipp: legen sie ihre bevorzugten Farben bereit, verbinden sie sich die Augen mit einem Tuch,<br>und malen sie einfach drauf los, mit langen Strichen eines m\u00f6glichst gro\u00dfen Pinsels oder anderem womit man die Farbe verteilen kann.<br>Benutzen sie nur Akrylfarben da diese schnell trocknen. Nehmen sie nach der ersten Schicht kleinere Pinsel und machen k\u00fcrzere Striche.<br>Sie k\u00f6nnen auch ab und zu mal kurz schauen wie der Zwischenstand so ist. Machen sie solange weiter bis sie zufrieden sind.<br>Das Geheimnis hinter guter abstrakter Kunst ist, dass das was unten gesagt wird gilt, nur das man das Motiv nicht erkennt, aber das Gehirn versucht etwas zu erkennen, was es in der Regel auch immer schaft. Es h\u00e4ngt also nur von den Kontrasten ab. Und damit ist auch erkl\u00e4rt, warum auch Kinder gut malen<br>k\u00f6nnen, weil sie eben kein Kunststudium daf\u00fcr ben\u00f6tigen. Sie k\u00f6nnen auch ihren Hund oder Affen malen lassen, es ist v\u00f6llig egal.<br>Schlaue Eltern vermarkten diese Zufalllsmalerei dann als Geniestreich in gro\u00dfen Galerien und verdienen sich dumm und d\u00e4mlich, aber seis ihnen geg\u00f6nnt.<\/p>\n\n\n\n<figure class=\"wp-block-image size-full\"><img loading=\"lazy\" decoding=\"async\" width=\"800\" height=\"985\" src=\"https:\/\/tomhoepfner.net\/wp-content\/uploads\/2023\/11\/Claude_Monet_Mother.jpg\" alt=\"\" class=\"wp-image-773\" srcset=\"https:\/\/tomhoepfner.net\/wp-content\/uploads\/2023\/11\/Claude_Monet_Mother.jpg 800w, https:\/\/tomhoepfner.net\/wp-content\/uploads\/2023\/11\/Claude_Monet_Mother-244x300.jpg 244w, https:\/\/tomhoepfner.net\/wp-content\/uploads\/2023\/11\/Claude_Monet_Mother-768x946.jpg 768w\" sizes=\"auto, (max-width: 800px) 100vw, 800px\" \/><\/figure>\n\n\n\n<ol class=\"wp-block-list\">\n<li>Vorbereitung: <br><\/li>\n\n\n\n<li>W\u00e4hlen sie sich ein sch\u00f6nes Motiv ihrer Tr\u00e4ume aus<\/li>\n\n\n\n<li>Schauen sie eine Woche sp\u00e4ter, ob es ihnen immer noch gef\u00e4llt<\/li>\n\n\n\n<li>Fotografieren sie die Wand mit Einrichtung, an der es einmal h\u00e4ngen soll.<\/li>\n\n\n\n<li>\u00d6ffenen sie das Foto in Photoshop und f\u00fcgen ihr Wahlmotiv ein.<\/li>\n\n\n\n<li>Spielen sie mit Helligkeit und auch selektiver Farbkorrektur<\/li>\n\n\n\n<li>Bestimmen sie die optimale Gr\u00f6\u00dfe des Gem\u00e4ldes<\/li>\n\n\n\n<li>Drucken sie es in A2 aus, drucken sie es im schwarz\/weiss-Modus Grau aus<\/li>\n\n\n\n<li>Ziehen sie auf der grauen Version jeweils Linien, die das Blatt in 3&#215;4 Teile aufteilen, also ca. 7cm<\/li>\n\n\n\n<li>&#8212;<\/li>\n\n\n\n<li>Malvorgang:<\/li>\n\n\n\n<li>sie m\u00fcssen das Bild nicht 1:1 abmalen, sehen sie es locker<\/li>\n\n\n\n<li>sie k\u00f6nnen alles was ihnen suboptimal erschein einfach ver\u00e4ndern und erg\u00e4nzen<\/li>\n\n\n\n<li>ziehen sie sehr d\u00fcnne Bleistiftlinien auf der Leinwand 6&#215;8<\/li>\n\n\n\n<li>Schauen sie auf dem grauen Bild ob die Kontraste stimmen und ausreichen<\/li>\n\n\n\n<li>Schauen sie ob es einen Fluchtpunkt in der Mitte gibt<\/li>\n\n\n\n<li>Schauen sie ob es Komplement\u00e4rkontraste gibt wie gelb-blau, rot-gr\u00fcn<\/li>\n\n\n\n<li>\u00c4ndern sie Farben und Kontraste wenn n\u00f6tig, spielen sie vorher im PC herum<\/li>\n\n\n\n<li>Damit das Bild nicht aussieht wie gerade aus dem Kindergarten gemalt:<\/li>\n\n\n\n<li>Untermalung anlegen mit grau-T\u00f6nen, beige-T\u00f6nen, gr\u00fcn-T\u00f6nen in Acryl<\/li>\n\n\n\n<li>Malen sie grob die Fl\u00e4chen aus und kontrollieren sie, ob die Harmonie stimmt<\/li>\n\n\n\n<li>Malen sie mehr Details auf bereits trockenen Stellen mit den richtigen Farben <\/li>\n\n\n\n<li>Wenn sie ausreichend Details gemalt haben, stellen sie das Bild 2 Tage beiseite<\/li>\n\n\n\n<li>Werfen sie einen kritischen Blick auf das Gesamtbild, notieren sie was sie \u00e4ndern wollen<\/li>\n\n\n\n<li>Malen sie nur noch mit dem feinen Pinsel die Endversion der detailreichen Bereiche<\/li>\n\n\n\n<li>Damit das Bild spannend wird, m\u00fcssen sie gr\u00f6\u00dfere Fl\u00e4chen grober malen<\/li>\n\n\n\n<li>Schauen sie das alle Farben in allen Bereichen mit auftauchen oder eingemischt sind<\/li>\n\n\n\n<li>Schauen sie ob bestimmte Bereiche verdunkelt oder aufgehellt werden m\u00fcssen<\/li>\n\n\n\n<li>Wenn sie mit allem fertig sind k\u00f6nnen sie als letztes die Highlights setzen<\/li>\n\n\n\n<li>Und noch hier und da Details einf\u00fcgen, et voila: fertig ist das Meisterwerk! \ud83d\ude42<\/li>\n<\/ol>\n\n\n\n<p>usw. usf&#8230;.<br>-&gt; <a href=\"https:\/\/tomhoepfner.net\/index.php\/gallerys\/art-gallerys\/\" title=\"Art Gallerys\">Art Gallerys<\/a><\/p>\n","protected":false},"excerpt":{"rendered":"<p>wie man eigene Gem\u00e4lde selbst fabriziert&#8230;. Malen und Zeichnen &#8211; Tipps Anleitung: wenn sie zu den Zeitgenossen geh\u00f6ren, die eher auf abstrakte Kunst stehen, brauchen sie hier nicht weiter lesen,aber vorab schonmal der Tipp: legen sie ihre bevorzugten Farben bereit, verbinden sie sich die Augen mit einem Tuch,und malen sie einfach drauf los, mit langen [&hellip;]<\/p>\n","protected":false},"author":1,"featured_media":0,"parent":404,"menu_order":0,"comment_status":"closed","ping_status":"closed","template":"","meta":{"om_disable_all_campaigns":false,"site-container-style":"default","site-container-layout":"default","site-sidebar-layout":"default","disable-article-header":"default","disable-site-header":"default","disable-site-footer":"default","disable-content-area-spacing":"default","footnotes":""},"class_list":["post-772","page","type-page","status-publish","hentry"],"aioseo_notices":[],"_links":{"self":[{"href":"https:\/\/tomhoepfner.net\/index.php\/wp-json\/wp\/v2\/pages\/772","targetHints":{"allow":["GET"]}}],"collection":[{"href":"https:\/\/tomhoepfner.net\/index.php\/wp-json\/wp\/v2\/pages"}],"about":[{"href":"https:\/\/tomhoepfner.net\/index.php\/wp-json\/wp\/v2\/types\/page"}],"author":[{"embeddable":true,"href":"https:\/\/tomhoepfner.net\/index.php\/wp-json\/wp\/v2\/users\/1"}],"replies":[{"embeddable":true,"href":"https:\/\/tomhoepfner.net\/index.php\/wp-json\/wp\/v2\/comments?post=772"}],"version-history":[{"count":0,"href":"https:\/\/tomhoepfner.net\/index.php\/wp-json\/wp\/v2\/pages\/772\/revisions"}],"up":[{"embeddable":true,"href":"https:\/\/tomhoepfner.net\/index.php\/wp-json\/wp\/v2\/pages\/404"}],"wp:attachment":[{"href":"https:\/\/tomhoepfner.net\/index.php\/wp-json\/wp\/v2\/media?parent=772"}],"curies":[{"name":"wp","href":"https:\/\/api.w.org\/{rel}","templated":true}]}}