{"id":659,"date":"2023-11-06T11:40:21","date_gmt":"2023-11-06T11:40:21","guid":{"rendered":"https:\/\/tomhoepfner.net\/?page_id=659"},"modified":"2024-11-05T11:20:18","modified_gmt":"2024-11-05T11:20:18","slug":"music-tips","status":"publish","type":"page","link":"https:\/\/tomhoepfner.net\/index.php\/funny-things\/music-tips\/","title":{"rendered":"Music-Tips"},"content":{"rendered":"\n<p>&#8230;some Music-Tips,&#8230;..my favorite bands:<\/p>\n\n\n\n<p>&#8230;wo man singt, da lasse dich ruhig nieder, b\u00f6se Menschen haben keine Lieder&#8230; (Weisheit)<\/p>\n\n\n\n<p>Nichts geht \u00fcber eine anst\u00e4ndig gespielte Blues-, Jazz-, oder Metal-Gitarre&#8230;..aus einem Breitb\u00e4nder mit einem Subwoofer. (TH)<\/p>\n\n\n\n<p>&#8230;ein tolles Piano, Saxophon, Schlagzeug und gut arrangiertes Orchester,<br>&#8230;und nat\u00fcrlich ein zartes, feines Frauenstimmchen&#8230;<br>&#8230;wie auch ein mitteltiefes, ausdrucksstarkes m\u00e4nnliches Gesangsorgan.<\/p>\n\n\n\n<p>Und im Gegensatz zur Politik und Finanzindustrie, sind K\u00fcnstler und ihre Musik immer echt und authentisch. &#8211; TH<br>Musik bietet die Flucht in eine tiefere, geistige Wahrheit.<\/p>\n\n\n\n<p><strong>Jazz<\/strong> <\/p>\n\n\n\n<ul class=\"wp-block-list\">\n<li>alles ist m\u00f6glich, jeder wie er es mag, die Auswahl ist einfach zu gro\u00df&#8230;.<\/li>\n\n\n\n<li>am meisten h\u00f6re ich daher online Radiosender wie Jazz Groove , Smoothjazz , 1.FM<\/li>\n\n\n\n<li>Latin , Fusion , World-Mix , Santana , Till Br\u00f6nner<\/li>\n\n\n\n<li>Michel Brecker, Chris Botti<\/li>\n\n\n\n<li>Frank Sinatra ,  Ella Fitzgerald , Tony Bennett<\/li>\n\n\n\n<li>Stacey Kent , Michael Buble&#8217;<\/li>\n\n\n\n<li>Al Jarreau , Stan Getz<\/li>\n\n\n\n<li>Acoustic Alchemy u.v.a.m.<\/li>\n\n\n\n<li>Loungemixes, Black &amp; Jones, Groove Armada<\/li>\n\n\n\n<li>Chillout, Buddha Bar, Piano Jazz Bar<\/li>\n<\/ul>\n\n\n\n<figure class=\"wp-block-image size-full\"><img loading=\"lazy\" decoding=\"async\" width=\"800\" height=\"533\" src=\"https:\/\/tomhoepfner.net\/wp-content\/uploads\/2023\/11\/jazz_2-3202707_800.jpg\" alt=\"\" class=\"wp-image-1461\" srcset=\"https:\/\/tomhoepfner.net\/wp-content\/uploads\/2023\/11\/jazz_2-3202707_800.jpg 800w, https:\/\/tomhoepfner.net\/wp-content\/uploads\/2023\/11\/jazz_2-3202707_800-300x200.jpg 300w, https:\/\/tomhoepfner.net\/wp-content\/uploads\/2023\/11\/jazz_2-3202707_800-768x512.jpg 768w\" sizes=\"auto, (max-width: 800px) 100vw, 800px\" \/><\/figure>\n\n\n\n<p><strong>Easy Listening \/ Singers<\/strong><br><\/p>\n\n\n\n<ul class=\"wp-block-list\">\n<li>Dido, Eva Cassidy, Randy Crawford<\/li>\n\n\n\n<li>Heather Nova, Katie Melua<\/li>\n\n\n\n<li>Alan Taylor<\/li>\n\n\n\n<li>&#8212;<\/li>\n<\/ul>\n\n\n\n<p><strong>Metal<\/strong><\/p>\n\n\n\n<ul class=\"wp-block-list\">\n<li>Accept , U.D.O. <\/li>\n\n\n\n<li>Metallica, Megadeth<\/li>\n\n\n\n<li>Iron Maiden, Judas Priest<\/li>\n\n\n\n<li>Black Sabbath, Ozzy Osbourne<\/li>\n\n\n\n<li>Nightwish, Battle Biest <\/li>\n\n\n\n<li>Dream Theater, Threshold<\/li>\n\n\n\n<li>Stratovarius, Symphony X<\/li>\n\n\n\n<li>Scorpions, Visions of Atlantis<\/li>\n\n\n\n<li>Deep Purple, Qeensryche<\/li>\n\n\n\n<li>Ayreon, &#8230;u.v.a.m&#8230;&#8230;<\/li>\n\n\n\n<li>Yngwie Malmsteen<\/li>\n\n\n\n<li>In my opinion, there always has to be melody and harmony, and it has to be complex, and that proves why metal can be derived from classical music.<\/li>\n<\/ul>\n\n\n\n<figure class=\"wp-block-image size-full\"><img loading=\"lazy\" decoding=\"async\" width=\"800\" height=\"544\" src=\"https:\/\/tomhoepfner.net\/wp-content\/uploads\/2023\/11\/heavy-metal.jpg\" alt=\"\" class=\"wp-image-1460\" srcset=\"https:\/\/tomhoepfner.net\/wp-content\/uploads\/2023\/11\/heavy-metal.jpg 800w, https:\/\/tomhoepfner.net\/wp-content\/uploads\/2023\/11\/heavy-metal-300x204.jpg 300w, https:\/\/tomhoepfner.net\/wp-content\/uploads\/2023\/11\/heavy-metal-768x522.jpg 768w\" sizes=\"auto, (max-width: 800px) 100vw, 800px\" \/><\/figure>\n\n\n\n<p><strong>Rock<\/strong><\/p>\n\n\n\n<ul class=\"wp-block-list\">\n<li>Dire Straits , ACDC , ZZ-Top<\/li>\n\n\n\n<li>Slash, GnR<\/li>\n\n\n\n<li>Billy Idol, The Cult<\/li>\n\n\n\n<li>The Rasmus, Coldplay<\/li>\n\n\n\n<li>Mot\u00f6rhead<\/li>\n\n\n\n<li>Stevie Ray Vaughan<\/li>\n\n\n\n<li> Gary Moore<\/li>\n\n\n\n<li>Dio, Uriah Heep<\/li>\n\n\n\n<li>Udo Lindenberg<\/li>\n\n\n\n<li>Karat, Puhdys<\/li>\n\n\n\n<li>u.a.m.<\/li>\n<\/ul>\n\n\n\n<p><strong>Blues<\/strong><\/p>\n\n\n\n<ul class=\"wp-block-list\">\n<li>Mark Knopfler<\/li>\n\n\n\n<li>Eric Clapton<\/li>\n\n\n\n<li>J.J. Cale, Johnny Cash<\/li>\n\n\n\n<li>Fleetwood Mac, Chris Rea<\/li>\n\n\n\n<li>B.B, KING<\/li>\n\n\n\n<li>Bob Marley<\/li>\n\n\n\n<li>&#8212;<\/li>\n<\/ul>\n\n\n\n<p><strong>Klassik<\/strong><\/p>\n\n\n\n<ul class=\"wp-block-list\">\n<li>Beethoven<\/li>\n\n\n\n<li>Bach<\/li>\n\n\n\n<li>Mozart<\/li>\n\n\n\n<li>H\u00e4ndel<\/li>\n\n\n\n<li>Chopin<\/li>\n\n\n\n<li>&#8212;<\/li>\n<\/ul>\n","protected":false},"excerpt":{"rendered":"<p>&#8230;some Music-Tips,&#8230;..my favorite bands: &#8230;wo man singt, da lasse dich ruhig nieder, b\u00f6se Menschen haben keine Lieder&#8230; (Weisheit) Nichts geht \u00fcber eine anst\u00e4ndig gespielte Blues-, Jazz-, oder Metal-Gitarre&#8230;..aus einem Breitb\u00e4nder mit einem Subwoofer. (TH) &#8230;ein tolles Piano, Saxophon, Schlagzeug und gut arrangiertes Orchester,&#8230;und nat\u00fcrlich ein zartes, feines Frauenstimmchen&#8230;&#8230;wie auch ein mitteltiefes, ausdrucksstarkes m\u00e4nnliches Gesangsorgan. Und [&hellip;]<\/p>\n","protected":false},"author":1,"featured_media":663,"parent":209,"menu_order":0,"comment_status":"open","ping_status":"closed","template":"","meta":{"om_disable_all_campaigns":false,"site-container-style":"default","site-container-layout":"default","site-sidebar-layout":"default","disable-article-header":"default","disable-site-header":"default","disable-site-footer":"default","disable-content-area-spacing":"default","footnotes":""},"class_list":["post-659","page","type-page","status-publish","has-post-thumbnail","hentry"],"aioseo_notices":[],"_links":{"self":[{"href":"https:\/\/tomhoepfner.net\/index.php\/wp-json\/wp\/v2\/pages\/659","targetHints":{"allow":["GET"]}}],"collection":[{"href":"https:\/\/tomhoepfner.net\/index.php\/wp-json\/wp\/v2\/pages"}],"about":[{"href":"https:\/\/tomhoepfner.net\/index.php\/wp-json\/wp\/v2\/types\/page"}],"author":[{"embeddable":true,"href":"https:\/\/tomhoepfner.net\/index.php\/wp-json\/wp\/v2\/users\/1"}],"replies":[{"embeddable":true,"href":"https:\/\/tomhoepfner.net\/index.php\/wp-json\/wp\/v2\/comments?post=659"}],"version-history":[{"count":0,"href":"https:\/\/tomhoepfner.net\/index.php\/wp-json\/wp\/v2\/pages\/659\/revisions"}],"up":[{"embeddable":true,"href":"https:\/\/tomhoepfner.net\/index.php\/wp-json\/wp\/v2\/pages\/209"}],"wp:featuredmedia":[{"embeddable":true,"href":"https:\/\/tomhoepfner.net\/index.php\/wp-json\/wp\/v2\/media\/663"}],"wp:attachment":[{"href":"https:\/\/tomhoepfner.net\/index.php\/wp-json\/wp\/v2\/media?parent=659"}],"curies":[{"name":"wp","href":"https:\/\/api.w.org\/{rel}","templated":true}]}}