{"id":614,"date":"2023-11-01T10:39:56","date_gmt":"2023-11-01T10:39:56","guid":{"rendered":"https:\/\/tomhoepfner.net\/?page_id=614"},"modified":"2025-02-19T09:35:18","modified_gmt":"2025-02-19T09:35:18","slug":"copyright","status":"publish","type":"page","link":"https:\/\/tomhoepfner.net\/index.php\/terms-of-use\/copyright\/","title":{"rendered":"Copyright"},"content":{"rendered":"\n<p><strong>Copyright and Terms of use:<\/strong><\/p>\n\n\n\n<p>All contents of this page are subject to my copyright. &#8211; since 1.1.2023<\/p>\n\n\n\n<p>All credits for the header images here, goes to the website pixabay.com from which i got the images.<br>I have edited the images, please do not download the images, thank you.<\/p>\n\n\n\n<p>I would like to draw your attention to the terms of use:<\/p>\n\n\n\n<p><strong>Disclaimer &#8211; Terms of use:<\/strong><\/p>\n\n\n\n<p>I only express my personal opinion, my experiences and my findings on this website.<br>The content of the website is a private diary.<\/p>\n\n\n\n<p>This does not constitute an invitation to act or to engage in any activity.<\/p>\n\n\n\n<p>Each visitor is responsible for his or her own actions.<\/p>\n\n\n\n<p>I am just a normal, simple person and father who uses his time (without the children).<\/p>\n\n\n\n<p>I am a hobby artist and this site is an expression of my artistic freedom and completely independent of any third party and has no purpose other than that.<br>There are no higher values than freedom, one&#8217;s own children and the right to freedom of expression and private property.<\/p>\n\n\n\n<p>If you are unsure whether you should do something or what you should do next, ask your family members or family doctor, your investment advisor, your psychologist or your pastor.<\/p>\n\n\n\n<p>Friendly comments are welcome.<\/p>\n\n\n\n<p>Remember, this is just entertainment.<\/p>\n\n\n\n<p>Thank you.<\/p>\n\n\n\n<p>Use contact me if you have any questions or suggestions.<\/p>\n\n\n\n<p>If you want to make a book out of the content, please contact me.<\/p>\n\n\n\n<hr class=\"wp-block-separator has-alpha-channel-opacity\"\/>\n\n\n\n<p><strong>Alle Inhalte dieser Seite unterliegen meinem Copyright. &#8211; ab 1.1.2023<\/strong><\/p>\n\n\n\n<p>Haftungsausschluss &#8211; Nutzungsbedingungen:<\/p>\n\n\n\n<p>Damit verbunden weise ich auf die Nutzungsbedingungen hin:<\/p>\n\n\n\n<p>Ich gebe auf dieser Website ausschlie\u00dflich meine pers\u00f6nliche Meinung, meine Erfahrungen, meine Erkenntnisse wieder.<br>Der Content der Website stellt ein privates Tagebuch by TH dar.<\/p>\n\n\n\n<p>Dies stellt keine Aufforderung zum Handeln oder zur Aufnahme von irgendwelchen Aktivit\u00e4ten dar.<\/p>\n\n\n\n<p>Jeder Besucher ist f\u00fcr sein eigenes Handeln selbst verantwortlich. Ein Mindestalter von 16+ Jahren ist Vorausetzung zum Betreten der Seite.<\/p>\n\n\n\n<p>Ich bin nur ein normaler, einfacher Mensch und Vater, der seine Zeit (ohne die Kinder) nutzt.<\/p>\n\n\n\n<p>Ich bin ein Hobby-K\u00fcnstler und diese Seite ist Ausdruck meiner k\u00fcnstlerischen Freiheit und v\u00f6llig unabh\u00e4ngig von Dritten und hat keinen weiteren Zweck au\u00dfer diesem. Es gibt keine h\u00f6heren Werte als Freiheit, eigene Kinder und das Recht auf Meinungsfreiheit und privates Eigentum.<\/p>\n\n\n\n<p>Wenn sie unsicher sind, ob sie etwas tun sollten oder was sie als n\u00e4chstes tun sollten, fragen sie Ihre Familienmitglieder oder Hausarzt, Ihren Anlageberater, ihren Psychologen oder ihren Pfarrer und Seelsorger. <\/p>\n\n\n\n<p>Freundliche Kommentare sind willkommen.<\/p>\n\n\n\n<p>Denken sie daran, dass dies nur Unterhaltung ist.<\/p>\n\n\n\n<p>Danke!<\/p>\n\n\n\n<p>Nutze contact me, falls sie irgendwelche Fragen oder Anregungen haben.<\/p>\n\n\n\n<p>Wenn Sie aus dem Inhalt ein Buch, Film oder Serie machen m\u00f6chten, kontaktieren Sie mich bitte.<\/p>\n\n\n\n<p>TH<\/p>\n\n\n\n<hr class=\"wp-block-separator has-alpha-channel-opacity\"\/>\n\n\n\n<figure class=\"wp-block-image size-full\"><img loading=\"lazy\" decoding=\"async\" width=\"150\" height=\"95\" src=\"https:\/\/tomhoepfner.net\/wp-content\/uploads\/2024\/10\/TP-Logo-Flag-1.jpg\" alt=\"\" class=\"wp-image-9724\"\/><\/figure>\n\n\n\n<hr class=\"wp-block-separator has-alpha-channel-opacity\"\/>\n","protected":false},"excerpt":{"rendered":"<p>Copyright and Terms of use: All contents of this page are subject to my copyright. &#8211; since 1.1.2023 All credits for the header images here, goes to the website pixabay.com from which i got the images.I have edited the images, please do not download the images, thank you. I would like to draw your attention [&hellip;]<\/p>\n","protected":false},"author":1,"featured_media":0,"parent":1012,"menu_order":0,"comment_status":"closed","ping_status":"closed","template":"","meta":{"om_disable_all_campaigns":false,"site-container-style":"default","site-container-layout":"default","site-sidebar-layout":"default","disable-article-header":"default","disable-site-header":"default","disable-site-footer":"default","disable-content-area-spacing":"default","footnotes":""},"class_list":["post-614","page","type-page","status-publish","hentry"],"aioseo_notices":[],"_links":{"self":[{"href":"https:\/\/tomhoepfner.net\/index.php\/wp-json\/wp\/v2\/pages\/614","targetHints":{"allow":["GET"]}}],"collection":[{"href":"https:\/\/tomhoepfner.net\/index.php\/wp-json\/wp\/v2\/pages"}],"about":[{"href":"https:\/\/tomhoepfner.net\/index.php\/wp-json\/wp\/v2\/types\/page"}],"author":[{"embeddable":true,"href":"https:\/\/tomhoepfner.net\/index.php\/wp-json\/wp\/v2\/users\/1"}],"replies":[{"embeddable":true,"href":"https:\/\/tomhoepfner.net\/index.php\/wp-json\/wp\/v2\/comments?post=614"}],"version-history":[{"count":1,"href":"https:\/\/tomhoepfner.net\/index.php\/wp-json\/wp\/v2\/pages\/614\/revisions"}],"predecessor-version":[{"id":13925,"href":"https:\/\/tomhoepfner.net\/index.php\/wp-json\/wp\/v2\/pages\/614\/revisions\/13925"}],"up":[{"embeddable":true,"href":"https:\/\/tomhoepfner.net\/index.php\/wp-json\/wp\/v2\/pages\/1012"}],"wp:attachment":[{"href":"https:\/\/tomhoepfner.net\/index.php\/wp-json\/wp\/v2\/media?parent=614"}],"curies":[{"name":"wp","href":"https:\/\/api.w.org\/{rel}","templated":true}]}}