{"id":2317,"date":"2023-12-02T12:05:18","date_gmt":"2023-12-02T12:05:18","guid":{"rendered":"https:\/\/tomhoepfner.net\/?page_id=2317"},"modified":"2026-02-04T09:06:45","modified_gmt":"2026-02-04T09:06:45","slug":"forecasts","status":"publish","type":"page","link":"https:\/\/tomhoepfner.net\/index.php\/statistics\/forecasts\/","title":{"rendered":"Forecasts"},"content":{"rendered":"\n<p>some of my forecasts 2000 &#8211; 2023 &#8230;by TH<\/p>\n\n\n\n<hr class=\"wp-block-separator has-alpha-channel-opacity\"\/>\n\n\n\n<p><br>Hier meine besten Vorhersagen bzgl. der Finanzm\u00e4rkte und gesellschaftlichen Entwicklungen:<\/p>\n\n\n\n<ul class=\"wp-block-list\">\n<li>2000, The End of Finance capitalism by 2010<\/li>\n<\/ul>\n\n\n\n<ul class=\"wp-block-list\">\n<li>Milchm\u00e4dchenhausse, Neuer MarktBlase, Internet Bubble 2000 (D)<\/li>\n<\/ul>\n\n\n\n<ul class=\"wp-block-list\">\n<li>Nasdaq Top 2001, Short<\/li>\n\n\n\n<li>Amazon, Longterm 1000%<\/li>\n<\/ul>\n\n\n\n<ul class=\"wp-block-list\">\n<li>Bearmarket, Gold Bullmarket 2003, Longterm 500%<\/li>\n\n\n\n<li>Nvidia, Longterm 1000%<\/li>\n\n\n\n<li>The End of the good old Capitalism, 2005<\/li>\n<\/ul>\n\n\n\n<ul class=\"wp-block-list\">\n<li>Finanzkrise 2007, Short<\/li>\n\n\n\n<li>Berlin becomes a shithole in 2026<\/li>\n<\/ul>\n\n\n\n<ul class=\"wp-block-list\">\n<li>Bankenpleite 2008 (USA), Short<\/li>\n<\/ul>\n\n\n\n<ul class=\"wp-block-list\">\n<li>Bailout 2012, infinity money printing started<\/li>\n\n\n\n<li>Bitcoin, Midterm 500%<\/li>\n\n\n\n<li>Silver, Longterm 1000% <\/li>\n<\/ul>\n\n\n\n<ul class=\"wp-block-list\">\n<li>New Crises, African Wars (USA)<\/li>\n<\/ul>\n\n\n\n<ul class=\"wp-block-list\">\n<li>Krieg gegen IS, Fl\u00fcchtlingskrise (USA)<\/li>\n<\/ul>\n\n\n\n<ul class=\"wp-block-list\">\n<li>2018 Folgen der Fl\u00fcchtingskrisen 5000 Mrd. \u20ac (D)<\/li>\n\n\n\n<li>The fall and decline of german big cities in 2025<\/li>\n\n\n\n<li>2018 Tesla, Midterm 1000% <\/li>\n\n\n\n<li>2019 Bitcoin, Midterm 1000%<\/li>\n<\/ul>\n\n\n\n<ul class=\"wp-block-list\">\n<li>2019 Black-Swan-Event Fr\u00fchjahr 2020 (Worldwide)<\/li>\n<\/ul>\n\n\n\n<ul class=\"wp-block-list\">\n<li>Marketcrash 03\/04.2020<\/li>\n<\/ul>\n\n\n\n<ul class=\"wp-block-list\">\n<li>2020 FED Printing Money 2020 to Infinity 2025 &#8211; Inflation &gt; 10%<\/li>\n\n\n\n<li>Rezession und Steuererh\u00f6hungen, Fehlentscheidungen in Deutschland<\/li>\n\n\n\n<li>The rise of Neo-Socialism aka Green-Movement and the New-Left-Wing<\/li>\n\n\n\n<li>The rise of Bitcoin 2020 to 2030 &#8211; 1000%<\/li>\n\n\n\n<li>The great Reset and the Gold Switch, the 5000 $ and the 10000 $ Mark<\/li>\n\n\n\n<li>2023<br>Bitcoin the digital new Gold &#8211; 5T Mcap by 2025<br>Stockmarket Manipulation, more Volatility, Fakemarkets<br>The End of the FAANG-Shares Hype<br>Stockmarket goes with Inflation side by side up, maybe a Crash by 2024<br><\/li>\n\n\n\n<li>FED-Now &#8211; CBDC Einf\u00fchrung bis 2026<br>EU-CBDC Einf\u00fchrung bis 2027<br><\/li>\n\n\n\n<li>Weiterer Anstieg der Inflation, &#8211; true<br>Anstieg der Mieten, &#8211; true<br>Anstieg der allgemeinen Lebenshaltungs.- und Lebensmittelkosten &#8211; true<br>Abfall des Wohlstandes in Deutschland &#8211; true<\/li>\n\n\n\n<li>Zunahme von Krankheiten, akuten Todesf\u00e4llen und Depressionen &#8211; true<br>\u00dcbersterblichkeit in Folge von Corona und den Impfungen &#8211; true<\/li>\n<\/ul>\n\n\n\n<hr class=\"wp-block-separator has-alpha-channel-opacity\"\/>\n\n\n\n<p><strong>my forecasts 2024 &#8211; 2030<\/strong><\/p>\n\n\n\n<ul class=\"wp-block-list\">\n<li>2024<br>Zunehmende Unzufriedenheit und Proteste der Bev\u00f6lkerung &#8211; true<br>Neuwahlen in Deutschland, Das grosse Erwachen. 5\/11 &#8211; true<br>Zunahme von Burnout bei gr\u00fcnen Spitzenfunktion\u00e4ren und in der Bev\u00f6lkerung &#8211; true<br>Spaltung der Gesellschaft in rechts und links &#8211; 62% zu 38% &#8211; the golden Ratio. &#8211; true<br>Zunehmende Gewalt in den alten Bundesl\u00e4ndern und Gro\u00dfst\u00e4den der EU. &#8211; true<\/li>\n\n\n\n<li>Die AfD wird 40% bei Wahlen in Ostdeutschland in 2026 erreichen.<\/li>\n\n\n\n<li>Wind of Change: Donald J Trumps wins, The winner gets everything&#8230; &#8211; true<\/li>\n\n\n\n<li>When all the red lines have been crossed, the mood changes and then the government. the 2025 tipping point<\/li>\n\n\n\n<li>The rise of a decentralized network of far-left militants aka Antifa&#8217;s and others.- true<br>The rise of the islamic-extremism, Daily violence and terrorist attacks. &#8211; true<\/li>\n\n\n\n<li>Krieg im Nahen Osten<\/li>\n\n\n\n<li>B\u00fcrgerkrieg in den USA, BLM, Spaltung der Gesellschaft in rechts und links 5\/11.<\/li>\n\n\n\n<li>China greift m\u00f6glicherweise Taiwan an.<\/li>\n\n\n\n<li>2025 <br>Der selbstverschuldete Abstieg der Kirchen in Deutschland durch ihre Taten<br>Das selbstverschuldete Ende der Altparteien als gro\u00dfe Volksparteien in Deutschland<br>B\u00fcrgerunruhen in Deutschland durch die Spaltung in rechts und links und den Islamisten<br>Zunehmender Alltags-Terror durch radikale Muslime und Linksradikale in Deutschland<br>Das selbstverschuldete Ende der Gr\u00fcnen durch ihre Taten und ihre verursachten Sch\u00e4den<\/li>\n\n\n\n<li>Die Spaltung und der Untergang der CDU im Westen. und der SPD und Gr\u00fcnen im Osten.<\/li>\n\n\n\n<li>Who is the last Pope&#8230;?<\/li>\n\n\n\n<li>2026<br>The continuing decline of West-Germany due to stupidity, incompetencies and Islam<br>Exposing the satanic Elites and there: crimes, violence, abuse, drugs, blackmail<\/li>\n\n\n\n<li>m\u00f6gliche Krise und Sturz der katholischen Kirche in Rom, aufgrund ihrer Taten und Agenda<\/li>\n\n\n\n<li>m\u00f6glicher Zerfall der EU, aufgrund der Geldpolitik, Asylpolitik, Drogenkriminalit\u00e4t und des Islamismus.<\/li>\n\n\n\n<li>The paradigm shift and the BRICS countries<\/li>\n\n\n\n<li>Die Entlarvung all ihrer L\u00fcgen, und des politisch-medialien Komplexes: die Dysfunktion der &#8220;Demokratie &#8221; im Westen.<\/li>\n\n\n\n<li>Die ultimative T\u00e4uschung &#8211; die Einf\u00fchrung der Ein-Welt-Regierung und die falschen Propheten<\/li>\n\n\n\n<li>The rise of the Antichrist &#8211;  and the Endgame 2027<\/li>\n<\/ul>\n\n\n\n<hr class=\"wp-block-separator has-alpha-channel-opacity\"\/>\n\n\n\n<figure class=\"wp-block-image size-full\"><img loading=\"lazy\" decoding=\"async\" width=\"520\" height=\"347\" src=\"https:\/\/tomhoepfner.net\/wp-content\/uploads\/2024\/01\/Nostradamus-7751300_520.jpg\" alt=\"Nostradamus_2024\" class=\"wp-image-2674\" srcset=\"https:\/\/tomhoepfner.net\/wp-content\/uploads\/2024\/01\/Nostradamus-7751300_520.jpg 520w, https:\/\/tomhoepfner.net\/wp-content\/uploads\/2024\/01\/Nostradamus-7751300_520-300x200.jpg 300w\" sizes=\"auto, (max-width: 520px) 100vw, 520px\" \/><\/figure>\n\n\n\n<ul class=\"wp-block-list\">\n<li>Mystische Vorhersagen:<\/li>\n\n\n\n<li><strong>Hollywood &#8211; Movies:<\/strong><br><br>Ja, man m\u00f6chte es kaum glauben, aber Hollywood scheint eine Glaskugel zu haben:<\/li>\n\n\n\n<li>so wurde 2011 der B-Movie mit Starbesetzung unter m\u00e4\u00dfigen Erfolg weltweit in die Kinos gebracht, um die Menschen wachzur\u00fctteln, bez\u00fcglich einer bald aufkommenden Pandemie eines t\u00f6dlichen Virus. Neun Jahre nach seiner Ver\u00f6ffentlichung erlangte der Film im Zuge der globalen COVID-19-Pandemie neue Popularit\u00e4t. <br>Es lohnt sich den Film nochmal anzuschauen wie auch die noch bessere Verfilmung aus S\u00fcdkorea Pandemie von 2013 &#8211; wieso eigentlich der 2. Aufguss &#8211; der um haaresbreite an der Realit\u00e4t in Wuhan in 2020 vorbeischrammte.<\/li>\n\n\n\n<li>2024 h\u00e4lt Hollywood einiges bereit, wie z.B. der kommende B\u00fcrgerkrieg in der USA, was bei der Bewaffnungslage nicht gerade unwahrscheinlich ist, als auch ein Desaster durch russische Hackerangriffe, auf die wir uns ja laut WEF ebenfalls mit h\u00f6chster Wahrscheinlichtkeit in diesem Jahr noch freuen d\u00fcrfen.<br>Weitere Themen sind Black-Out, Aliens und die b\u00f6sen Russen, welche in Hollywood nach 2001, die Rolle der b\u00f6sen Buben besetzen m\u00fcssen, welche davor interessanter weise den Arabern vorbehalten war.<br><br>Hollywoo hei\u00dft \u00fcbrigens &#8211; heiliger Stock, also Zauberstab, demnach also mit der Intention hokus-pokus-fidibus,&#8230;tataaaa. Also quasi: &#8230;es werde dies und das&#8230;ein Kaninchen aus dem leeren Hut zaubern. Und vor allem viel mages und Steretypen manifesteven. Wie auch die Defintion von gut und b\u00f6se und geschichte. im Sinne von: der Geist erschafft die Materie, also der Film beeinflusst die Zuschauer. So ungef\u00e4hr&#8230;.Aber es gibt trotzdem auch ein paar gesellschaftskritische Filme. Aber auch viel belangloses.<br>Das beste Spassprogram bieten derzeit noch die computeranimierten Kinderfilme, bei denen es so rasant abgeht, das normale Filme da nicht mithalten k\u00f6nnen. Ansonsten gibt es in Hollywood wenig zu lachen, auch nicht bei den Schauspielern. Viel Fassade, viel Leid und Probleme.<br>Nichts ist eben so wie es scheint&#8230;aber auch lehrreiche Filme wie Angry Birds oder Antz.<br><\/li>\n<\/ul>\n\n\n\n<hr class=\"wp-block-separator has-alpha-channel-opacity\"\/>\n\n\n\n<ul class=\"wp-block-list\">\n<li><strong>WEF Prognosen:<\/strong><\/li>\n<\/ul>\n\n\n\n<p>Ja, die Experten beim WEF sind die wahren Hellseher. Es lohnt sich immer auf der Seite zu st\u00f6bern. Speichern hilft, da auch Artikel wieder gel\u00f6scht werden. So mahnt das WEF vor Pandemien, Cyberangriffen, Stromausf\u00e4llen, Nahrungsmittelknappheit, digitalen W\u00e4hrungen, B\u00fcrgergeld, Personal-ID, \u00dcberwachung, Desinformation und anderen Diengen, die das k\u00fcnftige Leben stark beeintr\u00e4chtigen w\u00fcrden.<br>Mann sollte allerdings etwas mathematisch begabt sein bei der Interpretation, da die Artikel quasi kleine R\u00e4tsel darstellen k\u00f6nnen, etwa wie 1+1= 3-1, wenn die Sonne scheint und die Welt nicht untergeht. alles nat\u00fcvlch nuv ceteris paribus als unter sonst gleichen Bedingungen. Und nchts st s nstabl we de devzetvegen VEvh\u00e4ltnssee.<br><br>Ich wage hingegen die Prognose, das im Zuge des Informationskrieges, nun doch einige Skandale der Davos-Anh\u00e4nger an die \u00d6ffentlichkeit kommen, und die Bedeutung dieses Elitenforums damit endlich wieder zur\u00fcckgedr\u00e4ngt wird. Denn ihre Agenda ist menschenfeindlich. Sollte der Club gekapert werden, dann geht es nat\u00fcrlich nur unter anderen Vorzeichen weiter, was zum ultimativen Endgame f\u00fchrt.<\/p>\n\n\n\n<hr class=\"wp-block-separator has-alpha-channel-opacity\"\/>\n\n\n\n<ul class=\"wp-block-list\">\n<li><strong>Alois Irlmaier:<\/strong><\/li>\n<\/ul>\n\n\n\n<p>&#8220;Zuerst kommt ein Wohlstand wie noch nie. <br>Dann folgt ein Glaubensabfall wie nie zuvor. <br>Darauf eine nie da gewesene Sittenverderbnis. <br>Alsdann kommt eine gro\u00dfe Zahl Fremder ins Land. <br>Es herrscht eine hohe Inflation. Das Geld verliert mehr und mehr an Wert. <br>Bald darauf folgt die Revolution.&#8221;<br><br>Das ist mal ein Ansage gewesen! Respekt!<br>7 von 7 Punkten.<br><br>&#8212;<\/p>\n\n\n\n<p><br><\/p>\n\n\n\n<h2 class=\"wp-block-heading\">Was sonst noch?<\/h2>\n\n\n\n<ul class=\"wp-block-list\">\n<li><strong>&#8220;Alles ruft Frieden, und Shalom! <\/strong>Da wird&#8217;s passieren. Ein neuer Nahostkrieg flammt wieder auf, gro\u00dfe Flottenverb\u00e4nde stehen sich im Mittelmeer gegen\u00fcber&#8221;<\/li>\n<\/ul>\n\n\n\n<p>Ja, da braut sich etwas zusammen und die Herrschenden haben nichts dazu gelernt in den letzten 120 Jahren.<br>Man sollte sehr genau hinschauen, wo was passiert, wer den ersten Stein wirft, wer provoziert, was die Folgen sein werden, wo es Risiken gibt und danach seine ggf. immer noch nicht eingestellten Urlaubsw\u00fcnsche ausrichten.<br>Bzgl. D sollte man auch aus Grossst\u00e4dten wegziehen, solange es noch geht.<\/p>\n\n\n\n<p>2025: Die Eliten und die Islamisten haben es geschafft, die Probleme soweit zuzuspitzen, dass im Prinzip fast jeder Mensch auf der Erde mit einschneidenden Ver\u00e4nderungen rechnet. In Europa k\u00e4mpft eine abgehobene Politikerkaste gegen das Volk, der Islam will den Westen \u00fcberrrennen, und Amerika steht kurz vor dem Kollaps, und Russland und China sind in Warteposition, und werden die Vormachtstellung des unmoralischen Westens nicht weiter dulden, sofern sich eine provkante Situation ergeben sollte. Der Geist des Wandels liegt einmal wieder \u00fcber dem Planeten. Man sollte sehr umsichtig und vorausschauend handeln, oder es einfach nehmen wie es kommt. Fakt ist jedenfalls, dass es nicht davon abh\u00e4ngt wieviel Geld man hat, ob man diese gesellschaftlichen Ver\u00e4nderungen \u00fcberlebt.<br>Gerade reiche Menschen, k\u00f6nnten in den Fokus der zunehmenden Masse von gewaltbereiten Migranten r\u00fccken. Der Staat kann auch nicht eine Krisenvorsorge f\u00fcr all seine B\u00fcrger organisieren, wodurch letztlich jeder auf sich selbst gestellt ist.<\/p>\n\n\n\n<p>&#8212;&#8212;<\/p>\n\n\n\n<ul class=\"wp-block-list\">\n<li><strong>M\u00f6glicher Polsprung der Erde<\/strong><br>, basierend auf geografischen Daten, ist dies bereits mehrmals passiert in den letzten 100000 Jahren. Erdbeben und Vulkanausbr\u00fcche k\u00f6nnten Indikatoren sein. Und diese steigen seit 15 Jahren wieder an.<br>Diverse Vorhersagen diesbez\u00fcglich, als auch geologische Beweise.<br>-Mega-Erdbeben am Andreasgraben und dem Feuerring. Kann jederzeit passieren. <br>Folgen k\u00f6nnen auch Flutwellen an allen K\u00fcstengebieten sein mit Risiken f\u00fcr die USA und S\u00fcdostasien.<br>-Solarflares nehmen zu und werden st\u00e4rker, dies kann auch zum Blackout und EMP&#8217;s f\u00fchren.<br>Das w\u00e4re schlimmer als ein konventioneller Krieg, vor allem wenn es kein einmaliges Ereignis w\u00e4re.<\/li>\n\n\n\n<li>Die gr\u00f6\u00dfte Sorge ist, was dies mit dem inneren Kern unseres Planeten macht. Die Sonne erhitzt ihn und verfl\u00fcssigt dadurch das Magma, was wiederum das Magnetfeld \u00e4ndert. Die Frage ist ob dieser Effekt letztlich die Erdben und Vulkanausbr\u00fcche ausl\u00f6st. Ascheregen, Seebeben, Tsunams k\u00f6nnten erhebliche Sch\u00e4den anrichten.<\/li>\n<\/ul>\n\n\n\n<p>-Zunehmende Wetterextreme wie Starkregen, St\u00fcrme und Hitzperioden wie es sich in den letzten Jahren schon ank\u00fcndigt. -&gt;Tipp: Fenster pr\u00e4parieren, Wasservorr\u00e4te anlegen, bei Hitze \u00fcber 30 Grad max. 2h drau\u00dfen sein, nicht in der Mittagshitze. Nicht an Fl\u00fcssen wohnen. Tank immer voll machen.<br>3 Wochen Vorr\u00e4te usw..<br><br>&#8211; das geistige Erwachen der Menschheit durch das neue Zeitalter, Beeinflussung durch die Sonne und kosmische Ereignisse und Energiempulse,&#8230;Zeitgeist.<br>&#8211; Die Vulkanaktivit\u00e4ten nehmen weiter zu, wie auch die subjektiv empfundene Sonnenintensit\u00e4t.<br>&#8211; Die Wetterextreme nehmen zu, oder werden k\u00fcnstlich herbeigef\u00fchrt<br>&#8211; Katastrophen und ihre Folgen, Mangel und Leid als Ablenkung und Vorstufe f\u00fcr den Reset<\/p>\n\n\n\n<hr class=\"wp-block-separator has-alpha-channel-opacity\"\/>\n\n\n\n<ul class=\"wp-block-list\">\n<li><strong>Die Bibel:<\/strong><br>-&gt; siehe Offenbahrung, eine einzige Offenbarung, mit leider sehr verwurschtelten Sinnbildern.<\/li>\n<\/ul>\n\n\n\n<hr class=\"wp-block-separator has-alpha-channel-opacity\"\/>\n\n\n\n<p>So, also: Alle Daumen und H\u00fchneraugen dr\u00fccken, dass alle Akteure am Ende doch falsch liegen k\u00f6nnten, denn es gilt auch:<\/p>\n\n\n\n<p>Erstens kommt es anders, und zweitens als man denkt. &#8211; Weisheit. &#8211; Und das gilt auch irgendeinmal f\u00fcr die Eliten.<br>&#8212;&#8211;<\/p>\n\n\n\n<ul class=\"wp-block-list\">\n<li>2023 &#8211; TP<br><br><br><\/li>\n<\/ul>\n","protected":false},"excerpt":{"rendered":"<p>some of my forecasts 2000 &#8211; 2023 &#8230;by TH Hier meine besten Vorhersagen bzgl. der Finanzm\u00e4rkte und gesellschaftlichen Entwicklungen: my forecasts 2024 &#8211; 2030 Ja, die Experten beim WEF sind die wahren Hellseher. Es lohnt sich immer auf der Seite zu st\u00f6bern. Speichern hilft, da auch Artikel wieder gel\u00f6scht werden. So mahnt das WEF vor [&hellip;]<\/p>\n","protected":false},"author":1,"featured_media":0,"parent":1673,"menu_order":0,"comment_status":"open","ping_status":"closed","template":"","meta":{"om_disable_all_campaigns":false,"site-container-style":"default","site-container-layout":"default","site-sidebar-layout":"default","disable-article-header":"default","disable-site-header":"default","disable-site-footer":"default","disable-content-area-spacing":"default","footnotes":""},"class_list":["post-2317","page","type-page","status-publish","hentry"],"aioseo_notices":[],"_links":{"self":[{"href":"https:\/\/tomhoepfner.net\/index.php\/wp-json\/wp\/v2\/pages\/2317","targetHints":{"allow":["GET"]}}],"collection":[{"href":"https:\/\/tomhoepfner.net\/index.php\/wp-json\/wp\/v2\/pages"}],"about":[{"href":"https:\/\/tomhoepfner.net\/index.php\/wp-json\/wp\/v2\/types\/page"}],"author":[{"embeddable":true,"href":"https:\/\/tomhoepfner.net\/index.php\/wp-json\/wp\/v2\/users\/1"}],"replies":[{"embeddable":true,"href":"https:\/\/tomhoepfner.net\/index.php\/wp-json\/wp\/v2\/comments?post=2317"}],"version-history":[{"count":2,"href":"https:\/\/tomhoepfner.net\/index.php\/wp-json\/wp\/v2\/pages\/2317\/revisions"}],"predecessor-version":[{"id":16976,"href":"https:\/\/tomhoepfner.net\/index.php\/wp-json\/wp\/v2\/pages\/2317\/revisions\/16976"}],"up":[{"embeddable":true,"href":"https:\/\/tomhoepfner.net\/index.php\/wp-json\/wp\/v2\/pages\/1673"}],"wp:attachment":[{"href":"https:\/\/tomhoepfner.net\/index.php\/wp-json\/wp\/v2\/media?parent=2317"}],"curies":[{"name":"wp","href":"https:\/\/api.w.org\/{rel}","templated":true}]}}