{"id":1673,"date":"2023-12-05T11:10:36","date_gmt":"2023-12-05T11:10:36","guid":{"rendered":"https:\/\/tomhoepfner.net\/?page_id=1673"},"modified":"2025-07-02T10:25:27","modified_gmt":"2025-07-02T09:25:27","slug":"statistics","status":"publish","type":"page","link":"https:\/\/tomhoepfner.net\/index.php\/statistics\/","title":{"rendered":"Statistics"},"content":{"rendered":"\n<p>All the hope of the last decades for reason was in vain.<\/p>\n\n\n\n<p><br>&#8212;&#8211;<\/p>\n\n\n\n<p>Statistics to remember&#8230;.<\/p>\n\n\n\n<ul class=\"wp-block-list\">\n<li>Never forget\u2026.Facts and Stats about some crazy, ugly things\u2026<\/li>\n<\/ul>\n\n\n\n<p>You will hear of&nbsp;wars&nbsp;and&nbsp;rumors&nbsp;of&nbsp;wars, but see to it that you are not alarmed.&nbsp;(M.2:6)<\/p>\n\n\n\n<ul class=\"wp-block-list\">\n<li>Wars since 1945 of the World:<\/li>\n<\/ul>\n\n\n\n<p>Kriege seit 1945 weltweit:<\/p>\n\n\n\n<p>\u2022 1945\u20131949 Indonesischer Unabh\u00e4ngigkeitskrieg<br>\u2022 1946\u20131949 Griechischer B\u00fcrgerkrieg<br>\u2022 1946\u20131954 Franz\u00f6sischer Indochinakrieg<br>\u2022 1947\u20131949 Erster Indisch-Pakistanischer Krieg (Erster Kaschmir-Krieg)<br>\u2022 1947\u20131949 Pal\u00e4stinakrieg<br>\u2022 seit 1948 Bewaffnete Konflikte in Myanmar<br>\u2022 1950\u20131953 Koreakrieg<br>\u2022 1954\u20131962 Algerienkrieg<br>\u2022 1955\u20131959 Zypriotischer Unabh\u00e4ngigkeitskrieg<br>\u2022 1956 Sueskrise (Zweiter israelisch-arabischer Krieg)<br>\u2022 1956 Ungarischer Volksaufstand<br>\u2022 1956\u20131959 Kubanische Revolution<br>\u2022 1957\u20131958 Spanisch-Marokkanischer Konflikt<br>\u2022 1957\u20131962 Niederl\u00e4ndisch-Indonesischer Krieg um West-Neuguinea<br>\u2022 1955\u20131975 Vietnamkrieg<br>\u2022 1959 Tibetaufstand<br>\u2022 1960\u20131989 Namibischer Befreiungskampf<br>\u2022 1960\u20131996 Guatemaltekischer B\u00fcrgerkrieg<br>\u2022 1961\u20131991 Eritreischer Unabh\u00e4ngigkeitskrieg<br>\u2022 1961\u20131963 UN-Katanga-Krieg<br>\u2022 1961 Schweinebucht-Invasion (USA \u2013 Kuba)<br>\u2022 1961\u20131974 Portugiesischer Kolonialkrieg<br>o 1961\/1974\u20132002 Unabh\u00e4ngigkeits-\/B\u00fcrgerkrieg in Angola<br>o 1976\u20131992 Mosambikanischer B\u00fcrgerkrieg<br>\u2022 1962 Indisch-Chinesischer Grenzkrieg<br>\u2022 1962\u20131970 B\u00fcrgerkrieg im Nordjemen<br>\u2022 1963\u20131964 Algerisch-Marokkanischer Grenzkrieg<br>\u2022 1963\u20131967 Shifta-Krieg<br>\u2022 1965 Zweiter Indisch-Pakistanischer Krieg (Zweiter Kaschmir-Krieg)<br>\u2022 1964\u20132016 B\u00fcrgerkrieg in Kolumbien<br>\u2022 1966\u20131994 B\u00fcrgerkrieg im Tschad<br>\u2022 1967 Sechstagekrieg (Dritter israelisch-arabischer Krieg)<br>\u2022 1967\u20131970 Biafra-Krieg (Nigeria)<br>\u2022 1968\u20131979 B\u00fcrgerkrieg im Baskenland<br>\u2022 1969 Fu\u00dfballkrieg (Honduras\/El Salvador)<br>\u2022 1969 Chinesisch-Sowjetischer Grenzkrieg (1969)<br>\u2022 seit 1969 Unabh\u00e4ngigkeitskampf der Provinzen Papua und Papua Barat<br>\u2022 1969\u20131997 Nordirischer B\u00fcrgerkrieg<br>\u2022 1971 Bangladesch-Krieg<br>o 1971 Dritter Indisch-Pakistanischer Krieg<br>\u2022 1971\u20131972 Erster Uganda-Tansania-Krieg<br>\u2022 1973 Jom-Kippur-Krieg (Vierter israelisch-arabischer Krieg)<br>\u2022 1974 Zypernkonflikt<br>\u2022 1974\u20131991 \u00c4thiopischer B\u00fcrgerkrieg<br>\u2022 1975 B\u00fcrgerkrieg in Osttimor 1975<br>\u2022 1975\u20131988 Grenzkrieg zwischen Thailand und Kambodscha (ab 1979 unter vietnamesischer Besetzung)<br>\u2022 1975\u20131990 Libanesischer B\u00fcrgerkrieg<br>\u2022 1975\u20131999 Unabh\u00e4ngigkeitskampf in Osttimor (Besetzung Osttimors durch Indonesien)<br>\u2022 1976\u20131978 Ogadenkrieg<br>\u2022 1977 Libysch-\u00c4gyptischer Grenzkrieg<br>\u2022 1977\u20131978 Shaba-Invasion (Kongo\/Angola)<br>\u2022 1977\u20131989 Vietnamesisch-Kambodschanischer Krieg<br>\u2022 1978\u20131987 Libysch-Tschadischer Grenzkrieg<br>\u2022 1978\u20132005 Sezessionskrieg in Aceh (Indonesien)<br>\u2022 1979\u20131989 Afghanischer B\u00fcrgerkrieg und sowjetische Intervention<br>\u2022 1978\u20131979 Zweiter Uganda-Tansania-Krieg<br>\u2022 1979 Chinesisch-Vietnamesischer Krieg<br>\u2022 1980\u20131988 Erster Golfkrieg (Iran-Irak)<br>\u2022 1981 Peruanisch-Ecuadorianischer Grenzkrieg<br>\u2022 1981\u20131990 Contra-Krieg (B\u00fcrgerkrieg in Nicaragua unter Beteiligung der USA)<br>\u2022 1982 Libanonkrieg<br>\u2022 1982 Falklandkrieg (Argentinien\/Gro\u00dfbritannien)<br>\u2022 1983\u20132009 B\u00fcrgerkrieg in Sri Lanka<br>\u2022 1983\u20132005 Sezessionskrieg im S\u00fcdsudan<br>\u2022 1983 US-Invasion in Grenada, Operation Urgent Fury<br>\u2022 1985 Krieg um den Agacher-Streifen<br>\u2022 seit 1986 LRA-Konflikt<br>\u2022 1986\u20131992 B\u00fcrgerkrieg in Suriname<br>\u2022 1987\u20131993 erste Intifada (Gaza\/Pal\u00e4stina\/Israel)<br>\u2022 seit 1988\/1991 Somalischer B\u00fcrgerkrieg<br>\u2022 1989 US-Invasion in Panama<br>\u2022 1989 Rum\u00e4nische Revolution<br>\u2022 1989 Georgisch-Ossetischer Konflikt<br>\u2022 1989\u20131996\/1999\u20132003 Liberianischer B\u00fcrgerkrieg<br>\u2022 1990\u20131991 Zweiter Golfkrieg (UN-Koalition-Irak)<br>\u2022 1990\u20131994 B\u00fcrgerkrieg in Ruanda<br>\u2022 1991\u20131994 Dschibutischer B\u00fcrgerkrieg<br>\u2022 1991\u20132001 Jugoslawienkriege<br>o 1991 10-Tage-Krieg in Slowenien<br>o 1991\u20131995 Kroatienkrieg<br>o 1992\u20131995 Bosnienkrieg<br>o 1999 Kosovokrieg<br>o 2001 Mazedonienkrieg<br>\u2022 1991\u20132002 B\u00fcrgerkrieg in Sierra Leone<br>\u2022 1991\u20131992 Georgisch-S\u00fcdossetischer Krieg<br>\u2022 1992 Transnistrien-Konflikt<br>\u2022 1992\u20131997 Tadschikischer B\u00fcrgerkrieg<br>\u2022 1992\u20131993 Abchasienkrieg<br>\u2022 1992\u20131994 Krieg um Bergkarabach<br>\u2022 seit 1994 Belutschistankonflikt<br>\u2022 seit 1994 erster Jemen Konflikt<br>\u2022 1994\u20131996 Erster Tschetschenienkrieg<br>\u2022 1994\u20132006 B\u00fcrgerkrieg in Nepal<br>\u2022 1996\u20131997 Erster Kongokrieg<br>\u2022 1998\u20132000 Eritrea-\u00c4thiopien-Krieg<br>\u2022 1998\u20132003 Zweiter Kongokrieg<br>\u2022 1999 Kargil-Krieg<br>\u2022 1999 Dagestankrieg<br>\u2022 1999\u20132009 Zweiter Tschetschenienkrieg<br>\u2022 2000\u20132005 Zweite Intifada<br>\u2022 2001\u20132021 Krieg in Afghanistan 2001\u20132021<br>\u2022 2002\u20132007 B\u00fcrgerkrieg in der Elfenbeink\u00fcste<br>\u2022 2003\u20132011 Irakkrieg<br>\u2022 2003\u20132009 Darfur-Konflikt<br>\u2022 seit 2004 S\u00fcdossetienkonflikt<br>o seit 2004 Unabh\u00e4ngigkeitskampf s\u00fcdossetischer Rebellen<br>o 2008 Eskalation im Sommer 2008<br>\u2022 seit 2004 Huthi-Konflikt im Jemen<br>o seit 2015 \u201eSturm der Entschlossenheit\u201c<br>\u2022 2005\u20132010 B\u00fcrgerkrieg im Tschad<br>\u2022 seit 2006 Drogenkrieg in Mexiko<br>\u2022 2006 Libanonkrieg 2006<br>\u2022 seit 2006 Fatah-Hamas-Konflikt<br>\u2022 2006\u20132009 Dritter Kongokrieg<br>o seit 2015: Wiederaufnahme des dritten Kongokrieges<br>\u2022 2008 Eritreisch-dschibutischer Grenzkonflikt<br>\u2022 2008\u20132009 Operation Gegossenes Blei Gaza (Hamas)\/Israel<br>\u2022 seit 2009 Krieg gegen die Taliban in Pakistan<br>\u2022 2010\u20132011 B\u00fcrgerkrieg in der Elfenbeink\u00fcste<br>\u2022 2011 B\u00fcrgerkrieg in Libyen<br>o 2011 Internationaler Milit\u00e4reinsatz in Libyen 2011<br>\u2022 seit 2011 Aufstand im Irak (nach US-R\u00fcckzug)<br>o seit 2014 Irakkrise<br>o seit 2014 Krieg gegen den Islamischen Staat<br>\u2022 seit 2011 B\u00fcrgerkrieg in Syrien<br>o seit 2014 Krieg gegen den Islamischen Staat<br>\u2022 seit 2012 Rebellion der Bewegung 23. M\u00e4rz, Demokratische Republik Kongo<br>\u2022 seit 2012 B\u00fcrgerkrieg in der Zentralafrikanischen Republik<br>\u2022 seit 2012 Konflikt in Mali<br>o 2013\u20132014 Operation Serval<br>\u2022 2013\u20132018 B\u00fcrgerkrieg im S\u00fcdsudan<br>\u2022 seit 2014 Krieg in der Ostukraine<br>\u2022 seit 2014 Krieg gegen den Islamischen Staat<br>o seit 2014 Operation Inherent Resolve<br>o seit 2015 Operation Counter Daesh<br>\u2022 2014 Krieg in Gaza<br>\u2022 seit 2015 Jemenkrieg<br>\u2022 seit 2016 Rohingya-Konflikt<br>\u2022 seit 2016 Drogenkrieg auf den Philippinen<br>\u2022 2020 Bergkarabachkonflikt 2020<br>\u2022 seit 2020 B\u00fcrgerkrieg in Tigray<br>\u2022 seit 2021 B\u00fcrgerkrieg in Myanmar<br>\u2022 seit 2022 Invasion Russlands in der Ukraine<br>\u2022 seit 2023 B\u00fcrgerkrieg im Sudan<br>\u2022 seit 2023 Krieg in Israel und Gaza<\/p>\n\n\n\n<p>ff.: wikipedia.com<\/p>\n\n\n\n<p>(ein Gedenken an alle Kriegsopfer, dazu -&gt; Wozu sind Kriege da? von Udo Lindenberg, 1981 &#8211; youtube)<\/p>\n\n\n\n<figure class=\"wp-block-image size-full is-resized\"><img loading=\"lazy\" decoding=\"async\" width=\"579\" height=\"480\" src=\"https:\/\/tomhoepfner.net\/wp-content\/uploads\/2025\/03\/Image-023.jpg\" alt=\"Proxy-War\" class=\"wp-image-14613\" style=\"width:600px\" srcset=\"https:\/\/tomhoepfner.net\/wp-content\/uploads\/2025\/03\/Image-023.jpg 579w, https:\/\/tomhoepfner.net\/wp-content\/uploads\/2025\/03\/Image-023-300x249.jpg 300w\" sizes=\"auto, (max-width: 579px) 100vw, 579px\" \/><\/figure>\n\n\n\n<ul class=\"wp-block-list\">\n<li>An ihren Taten sollt ihr sie erkennen! (J.1.2) &#8211; Peace sells, but who&#8217;s buying?<\/li>\n<\/ul>\n\n\n\n<p>Die USA f\u00fchrten unter der Regierung Obamas seit dessen Amtsantritt am 20. Januar 2009 bis zum 6. Mai insgesamt 2663 Tage Krieg in verschiedenen L\u00e4ndern. Zuvor hielt Obamas Vorg\u00e4nger George W. Bush mit 2662 Tagen den traurigen Rekord \u2013 vom Beginn des Afghanistankrieges am 7. Oktober 2001 bis zum Ende seiner Amtszeit im Januar 2009. US-Kr\u00e4fte sind<strong> <\/strong>in insgesamt sieben L\u00e4ndern im Einsatz: Afghanistan, Irak, Pakistan, Somalia, Jemen, Libyen und Syrien.<br>Dies f\u00fchrte zur sogenannten Fl\u00fcchtlingskrise, mit weitreichenden Folgen f\u00fcr Europa und die betroffenen L\u00e4nder, insbesondere zur\u00fcckgelassenen Familien, Frauen und Kinder. Denn die Fl\u00fcchtlinge sind \u00fcberwiegend m\u00e4nnliche j\u00fcngere Personen, welche die Strapazen der Flucht auf sich nehmen, um sp\u00e4ter Geld in die Heimatl\u00e4nder zur\u00fcckschicken zu k\u00f6nnen. Im schlimmsten Fall verlassen sie ihre Familie f\u00fcr immer.<\/p>\n\n\n\n<p>Alles Schall, Bomben, Millionen Tote und Rauch und Asche, der liebe Herr Obama bekommt daf\u00fcr als US-Pr\u00e4sident den<strong> <\/strong>Friedensnobelpreis 2009 f\u00fcr: &#8220;seine au\u00dferordentlichen Bem\u00fchungen um die St\u00e4rkung der internationalen Diplomatie und der Zusammenarbeit zwischen den V\u00f6lkern&#8221;, noch vor seiner Amtszeit und war einst mit dem Versprechen ins Amt gekommen, Amerikas<strong> <\/strong>Kriege zu beenden \u2013 er f\u00fchrte mehr als zuvor. Kritiker sagen daher, dass er ihn daher nicht verdient hat. Keine Bange, er ist im Hintergrund noch sehr aktiv, und hat damit die M\u00f6glichkeit uns eines Besseren zu belehren, warten wir mal ab&#8230;.<br><\/p>\n\n\n\n<p>&#8220;Die Kriege haben die USA bisher 9000 Mrd. $ gekostet, und nichts ist dabei herausgekommen.&#8221; (Donald Trump)<br><\/p>\n\n\n\n<figure class=\"wp-block-image size-full\"><img loading=\"lazy\" decoding=\"async\" width=\"640\" height=\"440\" src=\"https:\/\/tomhoepfner.net\/wp-content\/uploads\/2024\/08\/K640_Atomsprengkopfe.jpg\" alt=\"\" class=\"wp-image-6649\" srcset=\"https:\/\/tomhoepfner.net\/wp-content\/uploads\/2024\/08\/K640_Atomsprengkopfe.jpg 640w, https:\/\/tomhoepfner.net\/wp-content\/uploads\/2024\/08\/K640_Atomsprengkopfe-300x206.jpg 300w\" sizes=\"auto, (max-width: 640px) 100vw, 640px\" \/><\/figure>\n\n\n\n<p>Alle Hoffnung der letzten Jahrzehnte auf Vernunft, war umsonst.<\/p>\n\n\n\n<hr class=\"wp-block-separator has-alpha-channel-opacity\"\/>\n\n\n\n<ul class=\"wp-block-list\">\n<li><strong>Best of Unternehmenspleiten<\/strong> weltweit , aber nur die Gro\u00dfen:<\/li>\n<\/ul>\n\n\n\n<p>-&gt; wikipedia: Liste_von_Unternehmenszusammenbr\u00fcchen_und_-skandalen<br>(schiere Gr\u00f6\u00dfe sch\u00fctzt vor Dummheit nicht&#8230;.)<br><br>W\u00e4hrend unten an der Basis jeder Cent aus den Mitarbeitern herausgequetscht wird, werden oben Millionen verplempert, verplant, fehlgeleitet und zum Fenster hinausgeworfen, ohne R\u00fccksicht auf die, welche die Ums\u00e4tze der Firma und damit auch die Geh\u00e4lter der Unternehmensf\u00fchrung erst erarbeitet haben.<br>Bsp.: Karstadt, Signa&#8230;.usw. Zahlreiche westdeutsche Mittelst\u00e4ndsche-Firmen waren nich in der Lage die schlechten Phasen zu \u00fcberleben und mit den neuen Belastungen der Ampelregierung klarzukommen, trotzdem sind die Unternehmenslenker uneinsichtig, und vom woken Zeitgeist verblendet und haben keine Antworten auf ihre eigene Verschuldung und Planlosigkeit. Es herrscht eine arrogante, neosozialistische Sektenkultur vor.<br>Ursachen: Managementfehler!<br>Beispiele in Deutschland gibt es genug:<\/p>\n\n\n\n<p>Adler, Kirchgruppe, Flowtex, AirBerlin, Maredo, Woolworth, Praktiker, Schlecker, Arcandor<\/p>\n\n\n\n<p>Nun folgen schmerzhafte Entlassungswellen bei namenhaften gro\u00dfen Firmen wie auch der DAX-Unternehmen, infolge einer falschen Wirtschaftspolitik, welche durch die inkompetente Managerkaste teilweise mitverschuldet wurde. Man rechnet nun schon mit bis zu 500.000 Entlassungen. Dazu gibt es 3 Mio Arbeitslose<br>und trotzdem sucht man angeblich Fachkr\u00e4fte, welche man aus dritte Weltl\u00e4ndern rekrutieren will. (200.000+X Asylantr\u00e4ge durch illegale arabische Migranten). <\/p>\n\n\n\n<p>Seit Jahresbeginn bauten \u00fcber 200 Tech-Unternehmen mehr als 50.000 Stellen ab. Auch die Start-Up Branche ist betroffen. Die Jobsuche wird f\u00fcr viele in der IT-Branche immer schwieriger, L\u00f6hne sinken. Viele Unternehmen gehen daher ins Ausland. Auch bei den gr\u00f6\u00dften Tech-Giganten, mit der Folge, das auch dort die einst sehr guten Einkommen sinken.<\/p>\n\n\n\n<p>Und das schlimmste daran ist, dass es f\u00fcr alle Betroffenen vorerst keine Ersatzbesch\u00e4ftigungen geben wird. Dies ist dann auch der Grund daf\u00fcr das hochqualifizierte Ausl\u00e4nder nicht in D arbeiten wollen, und nicht ein angeblicher Rechtschwung in der Politik oder beim W\u00e4hler. Es waren die SPD und die Gr\u00fcnen, mit ihrer wirtschaftsfeindlichen Agenda. never forget!<\/p>\n\n\n\n<p>Das linksgr\u00fcne Denken 2023 in dt. Unternehmen und der Wirtschaftslobby:<\/p>\n\n\n\n<p>mehr Staat, mehr Vielfalt, mehr B\u00fcrokratie, mehr Abgaben, mehr Reporting, mehr EU-Gesetze, mehr Gr\u00fcn, mehr Niedriglohn f\u00fcr Migranten, mehr Subvention, mehr Wasserkopf, mehr Party und Selbstbeweihr\u00e4ucherun, mehr Ex-Politiker in dt. F\u00fchrungsetagen. usw. usf..alles kontraproduktiv, alles Kostenfaktoren. <br>Und so muss sich wirklich niemand dar\u00fcber wundern, dass D das einzigste Land ist in dem die Wirtschaft schrumpft. Es sind eben die Kosten am Ende.<\/p>\n\n\n\n<p>Merke: Der Fisch stinkt immer vom Kopf! (Weisheit)<br>&#8211; der weltweite linksgr\u00fcne Green-Scam wird immer deutlicher, es wird kein CO2 weltweit dadurch reduziert, das man in D die Wirtschaft an die Wand f\u00e4hrt.<\/p>\n\n\n\n<hr class=\"wp-block-separator has-alpha-channel-opacity\"\/>\n\n\n\n<ul class=\"wp-block-list\">\n<li>Weltweiter Kindesmi\u00dfbrauch<br> <br>Wann werden endlich die unertr\u00e4glichen Machenschaften der weltweit agierenden Kinderh\u00e4ndler und Kindersch\u00e4nder aufgedeckt, bei denen Prominenz, Million\u00e4re, Politiker und Kirchenleute sich die Klinke in die Hand geben.<br>Vielleicht bringt der unfassbare Fall des Hr. Epstein (USA) Licht ins Dunkel und dass gut geh\u00fctetes Geheimis, vermutlicher weltweit agierender Netzwerke von h\u00f6hergestellten Leuten, ganz so, wie man es aus der katholischen Kirche (wie auch evangelischen und anderer Glaubensgemeinschaften) kennt&#8230;. (Die Leute w\u00fcrden es nicht glauben&#8230;.). Im Islam ist dies ja einfach nur Alltag und Tradition. Wen st\u00f6rt es da und welche linksgr\u00fcn woke Frau st\u00f6rt dies?<br>Die Machenschaften in Hollywood durch einen Hr. Weinstein wurden ja etwas aufgedeckt, woraufhin sich mehr Frauen trauten, die Wahrheit \u00fcber eine idealisiertes Bild von Hollywood und der Filmbranche (&#8220;meto&#8221;) &#8211; die Welt der Stars und Sternchen (in der Masse eher letzteres), \u00f6ffentlich zu machen.<br>Einige unmoralische Ger\u00fcchte gibt es auch \u00fcber die Modelbranche.<br>Als junge Frau sollte man sich seinen Berufswunsch also sehr genau \u00fcberlegen, und genau gucken mit wem man sich da einl\u00e4sst, und wie weit man sich herabl\u00e4sst. Und man sollte sich auch gut \u00fcberlegen, ob, und warum man heutzutage noch in eine Kirche voller Scheinheiliger eintreten sollte.<br><br>&#8220;Der weltweite Menschenhandel, Kindesmissbrauch und Frauenhandel muss umgehend gestoppt werden&#8221; (Donald Trump)<br>&#8211; 3.10.24 &#8211; Es wird ein Skandal um den US-Rapper P-Diddy entlarvt, der einiges an den Machenschaften in und um die m\u00e4chtigen Eliten herum.<br>more coming soon&#8230;.Ja, es gibt soetwas wie ausgleichende Gerechtigkeit im Universum. Der kriminelle Rapper P-Diddy (P stands for Psychopath), der offenbar wie viele andere auch seinem eigenem Aufstieg und Ruhm zum Opfer viel &#8211; oder er vom elti\u00e4ren Satanismus eingeholt wurde -, und v\u00f6llig durchdrehte, kam nun (nach einigen Versuchen sich der Justiz zu entziehen) dank der Trump-Administration doch vor Gericht. Wir sehen also wieder: Gr\u00f6ssenwahn und Geldgier lassen sich statistisch nicht in das Rentenalter hin\u00fcberretten. Von kriminellen Politikern und Wirtschaftsbetr\u00fcgern einmal abgesehen. &#8211; 1.7.25<br><\/li>\n<\/ul>\n\n\n\n<hr class=\"wp-block-separator has-alpha-channel-opacity\"\/>\n\n\n\n<ul class=\"wp-block-list\">\n<li>Zunehmende Vulkanausbr\u00fcche, Erdbeben, Feuerb\u00e4lle<br><\/li>\n<\/ul>\n\n\n\n<p>Ein weiteres ungutes Zeichen, ist die Zunahme der weltweit gemessenen Vulkanausbr\u00fcche und Erdbeben.<br>Seit \u00fcber 10 Jahren geht der Trend nach oben. Dies kann auch mit der Sonnenaktivit\u00e4t oder l\u00e4ngeren Zyklen zu tun haben, wenn es nicht gar noch ein biblisches Anzeichen gr\u00f6\u00dferer Naturgewalten in der Zukunft und Umbr\u00fcche ist.<br>Der absolute Worst-Case w\u00e4re dann ein m\u00f6glicher Polshift, bei dem sich die Erdkruste verschiebt. Das Wandern des magnetischen Norpols ist ein ungutes Zeichen. Aber es kann auch noch einige tausend Jahre gut so weiter gehen. Oder auch nichit&#8230;<br>&#8212;-<\/p>\n\n\n\n<hr class=\"wp-block-separator has-alpha-channel-opacity\"\/>\n","protected":false},"excerpt":{"rendered":"<p>All the hope of the last decades for reason was in vain. &#8212;&#8211; Statistics to remember&#8230;. You will hear of&nbsp;wars&nbsp;and&nbsp;rumors&nbsp;of&nbsp;wars, but see to it that you are not alarmed.&nbsp;(M.2:6) Kriege seit 1945 weltweit: \u2022 1945\u20131949 Indonesischer Unabh\u00e4ngigkeitskrieg\u2022 1946\u20131949 Griechischer B\u00fcrgerkrieg\u2022 1946\u20131954 Franz\u00f6sischer Indochinakrieg\u2022 1947\u20131949 Erster Indisch-Pakistanischer Krieg (Erster Kaschmir-Krieg)\u2022 1947\u20131949 Pal\u00e4stinakrieg\u2022 seit 1948 Bewaffnete Konflikte [&hellip;]<\/p>\n","protected":false},"author":1,"featured_media":0,"parent":0,"menu_order":0,"comment_status":"closed","ping_status":"closed","template":"","meta":{"om_disable_all_campaigns":false,"site-container-style":"default","site-container-layout":"default","site-sidebar-layout":"default","disable-article-header":"default","disable-site-header":"default","disable-site-footer":"default","disable-content-area-spacing":"default","footnotes":""},"class_list":["post-1673","page","type-page","status-publish","hentry"],"aioseo_notices":[],"_links":{"self":[{"href":"https:\/\/tomhoepfner.net\/index.php\/wp-json\/wp\/v2\/pages\/1673","targetHints":{"allow":["GET"]}}],"collection":[{"href":"https:\/\/tomhoepfner.net\/index.php\/wp-json\/wp\/v2\/pages"}],"about":[{"href":"https:\/\/tomhoepfner.net\/index.php\/wp-json\/wp\/v2\/types\/page"}],"author":[{"embeddable":true,"href":"https:\/\/tomhoepfner.net\/index.php\/wp-json\/wp\/v2\/users\/1"}],"replies":[{"embeddable":true,"href":"https:\/\/tomhoepfner.net\/index.php\/wp-json\/wp\/v2\/comments?post=1673"}],"version-history":[{"count":2,"href":"https:\/\/tomhoepfner.net\/index.php\/wp-json\/wp\/v2\/pages\/1673\/revisions"}],"predecessor-version":[{"id":15535,"href":"https:\/\/tomhoepfner.net\/index.php\/wp-json\/wp\/v2\/pages\/1673\/revisions\/15535"}],"wp:attachment":[{"href":"https:\/\/tomhoepfner.net\/index.php\/wp-json\/wp\/v2\/media?parent=1673"}],"curies":[{"name":"wp","href":"https:\/\/api.w.org\/{rel}","templated":true}]}}